{"id":68,"date":"2021-03-15T12:30:33","date_gmt":"2021-03-15T11:30:33","guid":{"rendered":"https:\/\/cpee2021.zcu.cz\/?page_id=68"},"modified":"2021-09-13T23:05:26","modified_gmt":"2021-09-13T21:05:26","slug":"organizing-committee","status":"publish","type":"page","link":"https:\/\/cpee2021.zcu.cz\/index.php\/organization\/organizing-committee\/","title":{"rendered":"Organizing Committee"},"content":{"rendered":"\n<h2 class=\"wp-block-heading\"><strong>Chairman<\/strong><\/h2>\n\n\n\n<ul class=\"wp-block-list\"><li><strong>Pavel Karban<\/strong><\/li><\/ul>\n\n\n\n<h2 class=\"wp-block-heading\"><strong>Publication Chair<\/strong><\/h2>\n\n\n\n<ul class=\"wp-block-list\"><li><strong>Petr Krop\u00edk<\/strong><\/li><\/ul>\n\n\n\n<h2 class=\"wp-block-heading\"><strong>Technical Program Chair<\/strong><\/h2>\n\n\n\n<ul class=\"wp-block-list\"><li><strong>Lenka \u0160roubov\u00e1<\/strong><\/li><\/ul>\n\n\n\n<h2 class=\"wp-block-heading\"><strong>Members:<\/strong><\/h2>\n\n\n\n<ul class=\"wp-block-list\"><li><strong>Ivo Dole\u017eel<\/strong><\/li><\/ul>\n\n\n\n<ul class=\"wp-block-list\"><li><strong>V\u00e1clav Kotlan<\/strong><\/li><li><strong>Petra Peckertov\u00e1<\/strong><\/li><li><strong>Iveta Petr\u00e1\u0161ov\u00e1<\/strong><\/li><\/ul>\n\n\n\n<p>If you have any questions, do not hesitate to contact us at&nbsp;<a href=\"mailto:cpee@iem.pw.edu.pl\">cpee2021@fel.zcu.cz<\/a><\/p>\n","protected":false},"excerpt":{"rendered":"<p>Chairman Pavel Karban Publication Chair Petr Krop\u00edk Technical Program Chair Lenka \u0160roubov\u00e1 Members: Ivo Dole\u017eel V\u00e1clav Kotlan Petra Peckertov\u00e1 Iveta&hellip; <\/p>\n","protected":false},"author":3,"featured_media":0,"parent":64,"menu_order":0,"comment_status":"closed","ping_status":"closed","template":"","meta":{"ngg_post_thumbnail":0,"footnotes":""},"class_list":["post-68","page","type-page","status-publish","hentry"],"_links":{"self":[{"href":"https:\/\/cpee2021.zcu.cz\/index.php\/wp-json\/wp\/v2\/pages\/68","targetHints":{"allow":["GET"]}}],"collection":[{"href":"https:\/\/cpee2021.zcu.cz\/index.php\/wp-json\/wp\/v2\/pages"}],"about":[{"href":"https:\/\/cpee2021.zcu.cz\/index.php\/wp-json\/wp\/v2\/types\/page"}],"author":[{"embeddable":true,"href":"https:\/\/cpee2021.zcu.cz\/index.php\/wp-json\/wp\/v2\/users\/3"}],"replies":[{"embeddable":true,"href":"https:\/\/cpee2021.zcu.cz\/index.php\/wp-json\/wp\/v2\/comments?post=68"}],"version-history":[{"count":5,"href":"https:\/\/cpee2021.zcu.cz\/index.php\/wp-json\/wp\/v2\/pages\/68\/revisions"}],"predecessor-version":[{"id":367,"href":"https:\/\/cpee2021.zcu.cz\/index.php\/wp-json\/wp\/v2\/pages\/68\/revisions\/367"}],"up":[{"embeddable":true,"href":"https:\/\/cpee2021.zcu.cz\/index.php\/wp-json\/wp\/v2\/pages\/64"}],"wp:attachment":[{"href":"https:\/\/cpee2021.zcu.cz\/index.php\/wp-json\/wp\/v2\/media?parent=68"}],"curies":[{"name":"wp","href":"https:\/\/api.w.org\/{rel}","templated":true}]}}