{"id":41,"date":"2021-03-11T12:58:15","date_gmt":"2021-03-11T11:58:15","guid":{"rendered":"https:\/\/cpee2021.zcu.cz\/?page_id=41"},"modified":"2021-09-16T17:55:54","modified_gmt":"2021-09-16T15:55:54","slug":"home","status":"publish","type":"page","link":"https:\/\/cpee2021.zcu.cz\/","title":{"rendered":"About"},"content":{"rendered":"\n<p class=\"has-vivid-red-color has-text-color\">Due to the current epidemiological situation and the possibility of realizing foreign business trips, the CPEE Conference Organizing Committee announces that the conference will take place in a virtual space.<\/p>\n\n\n\n<p class=\"has-black-color has-text-color\">For this reason, the <a href=\"https:\/\/cpee2021.zcu.cz\/index.php\/for-authors\/registration-fees\/\" target=\"_blank\" rel=\"noreferrer noopener\"><span class=\"has-inline-color has-vivid-red-color\">conference fee<\/span><\/a> will be significantly reduced. <\/p>\n\n\n\n<p class=\"has-black-color has-text-color\">The <span class=\"has-inline-color has-black-color\">Conference program<\/span> and the Proceedings are available after registration and login. <\/p>\n\n\n\n\n\n<div class=\"ngg-galleryoverview ngg-slideshow\"\n\t id=\"ngg-slideshow-6ba292bcef7ae94eb4fee58210f668aa-7387437460\"\n     data-gallery-id=\"6ba292bcef7ae94eb4fee58210f668aa\"\n     style=\"max-width: 1200px; max-height: 300px;\">\n\n \t<div id=\"ngg-image-0\" class=\"ngg-gallery-slideshow-image\" style=\"height:300px\">\n\n        <a href=\"https:\/\/cpee2021.zcu.cz\/wp-content\/gallery\/slideshow\/foto01.jpg\"\n           title=\"\"\n           data-src=\"https:\/\/cpee2021.zcu.cz\/wp-content\/gallery\/slideshow\/foto01.jpg\"\n           data-thumbnail=\"https:\/\/cpee2021.zcu.cz\/wp-content\/gallery\/slideshow\/thumbs\/thumbs_foto01.jpg\"\n           data-image-id=\"1\"\n           data-title=\"foto01\"\n           data-description=\"\"\n           class=\"ngg-simplelightbox\" rel=\"6ba292bcef7ae94eb4fee58210f668aa\">\n\n            <img data-image-id='1'\n                 title=\"\"\n                 alt=\"foto01\"\n                 src=\"https:\/\/cpee2021.zcu.cz\/wp-content\/gallery\/slideshow\/foto01.jpg\"\n                 style=\"max-height: 280px;\"\/>\n        <\/a>\n\n        <\/div> \n<div id=\"ngg-image-1\" class=\"ngg-gallery-slideshow-image\" style=\"height:300px\">\n\n        <a href=\"https:\/\/cpee2021.zcu.cz\/wp-content\/gallery\/slideshow\/foto04.jpg\"\n           title=\"\"\n           data-src=\"https:\/\/cpee2021.zcu.cz\/wp-content\/gallery\/slideshow\/foto04.jpg\"\n           data-thumbnail=\"https:\/\/cpee2021.zcu.cz\/wp-content\/gallery\/slideshow\/thumbs\/thumbs_foto04.jpg\"\n           data-image-id=\"2\"\n           data-title=\"foto04\"\n           data-description=\"\"\n           class=\"ngg-simplelightbox\" rel=\"6ba292bcef7ae94eb4fee58210f668aa\">\n\n            <img data-image-id='2'\n                 title=\"\"\n                 alt=\"foto04\"\n                 src=\"https:\/\/cpee2021.zcu.cz\/wp-content\/gallery\/slideshow\/foto04.jpg\"\n                 style=\"max-height: 280px;\"\/>\n        <\/a>\n\n        <\/div> \n<div id=\"ngg-image-2\" class=\"ngg-gallery-slideshow-image\" style=\"height:300px\">\n\n        <a href=\"https:\/\/cpee2021.zcu.cz\/wp-content\/gallery\/slideshow\/foto03.jpg\"\n           title=\"\"\n           data-src=\"https:\/\/cpee2021.zcu.cz\/wp-content\/gallery\/slideshow\/foto03.jpg\"\n           data-thumbnail=\"https:\/\/cpee2021.zcu.cz\/wp-content\/gallery\/slideshow\/thumbs\/thumbs_foto03.jpg\"\n           data-image-id=\"3\"\n           data-title=\"foto03\"\n           data-description=\"\"\n           class=\"ngg-simplelightbox\" rel=\"6ba292bcef7ae94eb4fee58210f668aa\">\n\n            <img data-image-id='3'\n                 title=\"\"\n                 alt=\"foto03\"\n                 src=\"https:\/\/cpee2021.zcu.cz\/wp-content\/gallery\/slideshow\/foto03.jpg\"\n                 style=\"max-height: 280px;\"\/>\n        <\/a>\n\n        <\/div> \n<div id=\"ngg-image-3\" class=\"ngg-gallery-slideshow-image\" style=\"height:300px\">\n\n        <a href=\"https:\/\/cpee2021.zcu.cz\/wp-content\/gallery\/slideshow\/foto02.jpg\"\n           title=\"\"\n           data-src=\"https:\/\/cpee2021.zcu.cz\/wp-content\/gallery\/slideshow\/foto02.jpg\"\n           data-thumbnail=\"https:\/\/cpee2021.zcu.cz\/wp-content\/gallery\/slideshow\/thumbs\/thumbs_foto02.jpg\"\n           data-image-id=\"4\"\n           data-title=\"foto02\"\n           data-description=\"\"\n           class=\"ngg-simplelightbox\" rel=\"6ba292bcef7ae94eb4fee58210f668aa\">\n\n            <img data-image-id='4'\n                 title=\"\"\n                 alt=\"foto02\"\n                 src=\"https:\/\/cpee2021.zcu.cz\/wp-content\/gallery\/slideshow\/foto02.jpg\"\n                 style=\"max-height: 280px;\"\/>\n        <\/a>\n\n        <\/div> \n<div id=\"ngg-image-4\" class=\"ngg-gallery-slideshow-image\" style=\"height:300px\">\n\n        <a href=\"https:\/\/cpee2021.zcu.cz\/wp-content\/gallery\/slideshow\/foto09.jpg\"\n           title=\"\"\n           data-src=\"https:\/\/cpee2021.zcu.cz\/wp-content\/gallery\/slideshow\/foto09.jpg\"\n           data-thumbnail=\"https:\/\/cpee2021.zcu.cz\/wp-content\/gallery\/slideshow\/thumbs\/thumbs_foto09.jpg\"\n           data-image-id=\"5\"\n           data-title=\"foto09\"\n           data-description=\"\"\n           class=\"ngg-simplelightbox\" rel=\"6ba292bcef7ae94eb4fee58210f668aa\">\n\n            <img data-image-id='5'\n                 title=\"\"\n                 alt=\"foto09\"\n                 src=\"https:\/\/cpee2021.zcu.cz\/wp-content\/gallery\/slideshow\/foto09.jpg\"\n                 style=\"max-height: 280px;\"\/>\n        <\/a>\n\n        <\/div> \n<div id=\"ngg-image-5\" class=\"ngg-gallery-slideshow-image\" style=\"height:300px\">\n\n        <a href=\"https:\/\/cpee2021.zcu.cz\/wp-content\/gallery\/slideshow\/foto10.jpg\"\n           title=\"\"\n           data-src=\"https:\/\/cpee2021.zcu.cz\/wp-content\/gallery\/slideshow\/foto10.jpg\"\n           data-thumbnail=\"https:\/\/cpee2021.zcu.cz\/wp-content\/gallery\/slideshow\/thumbs\/thumbs_foto10.jpg\"\n           data-image-id=\"6\"\n           data-title=\"foto10\"\n           data-description=\"\"\n           class=\"ngg-simplelightbox\" rel=\"6ba292bcef7ae94eb4fee58210f668aa\">\n\n            <img data-image-id='6'\n                 title=\"\"\n                 alt=\"foto10\"\n                 src=\"https:\/\/cpee2021.zcu.cz\/wp-content\/gallery\/slideshow\/foto10.jpg\"\n                 style=\"max-height: 280px;\"\/>\n        <\/a>\n\n        <\/div> \n<div id=\"ngg-image-6\" class=\"ngg-gallery-slideshow-image\" style=\"height:300px\">\n\n        <a href=\"https:\/\/cpee2021.zcu.cz\/wp-content\/gallery\/slideshow\/foto05.jpg\"\n           title=\"\"\n           data-src=\"https:\/\/cpee2021.zcu.cz\/wp-content\/gallery\/slideshow\/foto05.jpg\"\n           data-thumbnail=\"https:\/\/cpee2021.zcu.cz\/wp-content\/gallery\/slideshow\/thumbs\/thumbs_foto05.jpg\"\n           data-image-id=\"7\"\n           data-title=\"foto05\"\n           data-description=\"\"\n           class=\"ngg-simplelightbox\" rel=\"6ba292bcef7ae94eb4fee58210f668aa\">\n\n            <img data-image-id='7'\n                 title=\"\"\n                 alt=\"foto05\"\n                 src=\"https:\/\/cpee2021.zcu.cz\/wp-content\/gallery\/slideshow\/foto05.jpg\"\n                 style=\"max-height: 280px;\"\/>\n        <\/a>\n\n        <\/div> \n<div id=\"ngg-image-7\" class=\"ngg-gallery-slideshow-image\" style=\"height:300px\">\n\n        <a href=\"https:\/\/cpee2021.zcu.cz\/wp-content\/gallery\/slideshow\/foto08.jpg\"\n           title=\"\"\n           data-src=\"https:\/\/cpee2021.zcu.cz\/wp-content\/gallery\/slideshow\/foto08.jpg\"\n           data-thumbnail=\"https:\/\/cpee2021.zcu.cz\/wp-content\/gallery\/slideshow\/thumbs\/thumbs_foto08.jpg\"\n           data-image-id=\"8\"\n           data-title=\"foto08\"\n           data-description=\"\"\n           class=\"ngg-simplelightbox\" rel=\"6ba292bcef7ae94eb4fee58210f668aa\">\n\n            <img data-image-id='8'\n                 title=\"\"\n                 alt=\"foto08\"\n                 src=\"https:\/\/cpee2021.zcu.cz\/wp-content\/gallery\/slideshow\/foto08.jpg\"\n                 style=\"max-height: 280px;\"\/>\n        <\/a>\n\n        <\/div> \n<div id=\"ngg-image-8\" class=\"ngg-gallery-slideshow-image\" style=\"height:300px\">\n\n        <a href=\"https:\/\/cpee2021.zcu.cz\/wp-content\/gallery\/slideshow\/foto06.jpg\"\n           title=\"\"\n           data-src=\"https:\/\/cpee2021.zcu.cz\/wp-content\/gallery\/slideshow\/foto06.jpg\"\n           data-thumbnail=\"https:\/\/cpee2021.zcu.cz\/wp-content\/gallery\/slideshow\/thumbs\/thumbs_foto06.jpg\"\n           data-image-id=\"9\"\n           data-title=\"foto06\"\n           data-description=\"\"\n           class=\"ngg-simplelightbox\" rel=\"6ba292bcef7ae94eb4fee58210f668aa\">\n\n            <img data-image-id='9'\n                 title=\"\"\n                 alt=\"foto06\"\n                 src=\"https:\/\/cpee2021.zcu.cz\/wp-content\/gallery\/slideshow\/foto06.jpg\"\n                 style=\"max-height: 280px;\"\/>\n        <\/a>\n\n        <\/div> \n<div id=\"ngg-image-9\" class=\"ngg-gallery-slideshow-image\" style=\"height:300px\">\n\n        <a href=\"https:\/\/cpee2021.zcu.cz\/wp-content\/gallery\/slideshow\/foto11.jpg\"\n           title=\"\"\n           data-src=\"https:\/\/cpee2021.zcu.cz\/wp-content\/gallery\/slideshow\/foto11.jpg\"\n           data-thumbnail=\"https:\/\/cpee2021.zcu.cz\/wp-content\/gallery\/slideshow\/thumbs\/thumbs_foto11.jpg\"\n           data-image-id=\"10\"\n           data-title=\"foto11\"\n           data-description=\"\"\n           class=\"ngg-simplelightbox\" rel=\"6ba292bcef7ae94eb4fee58210f668aa\">\n\n            <img data-image-id='10'\n                 title=\"\"\n                 alt=\"foto11\"\n                 src=\"https:\/\/cpee2021.zcu.cz\/wp-content\/gallery\/slideshow\/foto11.jpg\"\n                 style=\"max-height: 280px;\"\/>\n        <\/a>\n\n        <\/div> \n<div id=\"ngg-image-10\" class=\"ngg-gallery-slideshow-image\" style=\"height:300px\">\n\n        <a href=\"https:\/\/cpee2021.zcu.cz\/wp-content\/gallery\/slideshow\/foto07.jpg\"\n           title=\"\"\n           data-src=\"https:\/\/cpee2021.zcu.cz\/wp-content\/gallery\/slideshow\/foto07.jpg\"\n           data-thumbnail=\"https:\/\/cpee2021.zcu.cz\/wp-content\/gallery\/slideshow\/thumbs\/thumbs_foto07.jpg\"\n           data-image-id=\"11\"\n           data-title=\"foto07\"\n           data-description=\"\"\n           class=\"ngg-simplelightbox\" rel=\"6ba292bcef7ae94eb4fee58210f668aa\">\n\n            <img data-image-id='11'\n                 title=\"\"\n                 alt=\"foto07\"\n                 src=\"https:\/\/cpee2021.zcu.cz\/wp-content\/gallery\/slideshow\/foto07.jpg\"\n                 style=\"max-height: 280px;\"\/>\n        <\/a>\n\n        <\/div> \n<div id=\"ngg-image-11\" class=\"ngg-gallery-slideshow-image\" style=\"height:300px\">\n\n        <a href=\"https:\/\/cpee2021.zcu.cz\/wp-content\/gallery\/slideshow\/foto12.jpg\"\n           title=\"\"\n           data-src=\"https:\/\/cpee2021.zcu.cz\/wp-content\/gallery\/slideshow\/foto12.jpg\"\n           data-thumbnail=\"https:\/\/cpee2021.zcu.cz\/wp-content\/gallery\/slideshow\/thumbs\/thumbs_foto12.jpg\"\n           data-image-id=\"12\"\n           data-title=\"foto12\"\n           data-description=\"\"\n           class=\"ngg-simplelightbox\" rel=\"6ba292bcef7ae94eb4fee58210f668aa\">\n\n            <img data-image-id='12'\n                 title=\"\"\n                 alt=\"foto12\"\n                 src=\"https:\/\/cpee2021.zcu.cz\/wp-content\/gallery\/slideshow\/foto12.jpg\"\n                 style=\"max-height: 280px;\"\/>\n        <\/a>\n\n        <\/div> \n<div id=\"ngg-image-12\" class=\"ngg-gallery-slideshow-image\" style=\"height:300px\">\n\n        <a href=\"https:\/\/cpee2021.zcu.cz\/wp-content\/gallery\/slideshow\/foto13.jpg\"\n           title=\"\"\n           data-src=\"https:\/\/cpee2021.zcu.cz\/wp-content\/gallery\/slideshow\/foto13.jpg\"\n           data-thumbnail=\"https:\/\/cpee2021.zcu.cz\/wp-content\/gallery\/slideshow\/thumbs\/thumbs_foto13.jpg\"\n           data-image-id=\"13\"\n           data-title=\"foto13\"\n           data-description=\"\"\n           class=\"ngg-simplelightbox\" rel=\"6ba292bcef7ae94eb4fee58210f668aa\">\n\n            <img data-image-id='13'\n                 title=\"\"\n                 alt=\"foto13\"\n                 src=\"https:\/\/cpee2021.zcu.cz\/wp-content\/gallery\/slideshow\/foto13.jpg\"\n                 style=\"max-height: 280px;\"\/>\n        <\/a>\n\n        <\/div> \n<div id=\"ngg-image-13\" class=\"ngg-gallery-slideshow-image\" style=\"height:300px\">\n\n        <a href=\"https:\/\/cpee2021.zcu.cz\/wp-content\/gallery\/slideshow\/foto14.jpg\"\n           title=\"\"\n           data-src=\"https:\/\/cpee2021.zcu.cz\/wp-content\/gallery\/slideshow\/foto14.jpg\"\n           data-thumbnail=\"https:\/\/cpee2021.zcu.cz\/wp-content\/gallery\/slideshow\/thumbs\/thumbs_foto14.jpg\"\n           data-image-id=\"14\"\n           data-title=\"foto14\"\n           data-description=\"\"\n           class=\"ngg-simplelightbox\" rel=\"6ba292bcef7ae94eb4fee58210f668aa\">\n\n            <img data-image-id='14'\n                 title=\"\"\n                 alt=\"foto14\"\n                 src=\"https:\/\/cpee2021.zcu.cz\/wp-content\/gallery\/slideshow\/foto14.jpg\"\n                 style=\"max-height: 280px;\"\/>\n        <\/a>\n\n        <\/div> \n<\/div>\n\n\n\n\n\n\n\n<h2 class=\"wp-block-heading\"><strong>Welcome to 22nd International Conference \u201cComputational Problems of Electrical Engineering\u201d (CPEE 2021)<\/strong><\/h2>\n\n\n\n<div class=\"wp-block-group\"><div class=\"wp-block-group__inner-container is-layout-flow wp-block-group-is-layout-flow\">\n<p class=\"has-text-align-left\">which will take place&nbsp;<strong>15-17th, September 2021<\/strong>, in the Czech Republic.<br><br>The history of the conference CPEE (Computational Problems of Electrical Engineering) started in 1999, after an agreement among several Polish and Ukrainien universities. The main role was played by the Warsaw University of Technology (Poland) and Lviv Polytechnic National University (Ukraine). Since the very beginning, the conference was organized every year and its principal aim was to discuss the modern trends in computational electrical engineering (mostly signal, circuit and field theories) leading to novel approaches to the numerical analysis, optimisation and design of various electrical machines, apparatus and systems. In the first years, only Polish and Ukrainien scientists and researches took part in this event. Later also participants from other countries such as Russia, Czech Republic, Slovakia, Hungary and also from Great Britain, France and Japan became regular participants. In 2010, the Czech Republic was appointed the third organizing country, and in 2014, the Slovak Republic was pointed the fourth organizing country.<\/p>\n\n\n\n<p class=\"has-text-align-left\">The main research streams in the workshop are concentrated in the following scientific domains:<\/p>\n\n\n\n<ul class=\"wp-block-list\"><li>development of efficient methods of signal processing based on the application of ICA, PCA, wavelet transformation, impedance tomography etc.,&nbsp;<\/li><li>artificial neural and neuro-fuzzy networks approaches to the solution of signal processing tasks belonging to the estimation, identification, prediction and approximation problems,<\/li><li>development of new effective methods for the solution of specific biomedical problems, radioengineering, telecommunication and antenna systems,<\/li><li>development of effective numerical methods of the analysis of the electromagnetic fields by applying finite element and boundary elements in 2D and 3D electromagnetic and coupled problems, application of optimisation methods to the design of electrical systems by using field and circuit theory tools and signal processing,<\/li><li>&nbsp;education in the area of electrical engineering, computer science and application of the computer science.<\/li><\/ul>\n<\/div><\/div>\n\n\n\n<p>Complete series of the event:<\/p>\n\n\n\n<p>The conference is organized under auspices of the IEEE organization.<\/p>\n\n\n\n<p>CPEE 1999 Alushta, Ukraine,<br>CPEE 2000 Solina, Poland,<br>CPEE 2001 Alushta, Ukraine,<br>CPEE 2002 Zakopane, Poland,<br>CPEE 2003 Jazleevets, Ukraine,<br>CPEE 2004 Zakopane, Poland,<br>CPEE 2006 Odessa, Ukraine,<br>CPEE 2007 Wilkasy, Poland,<br>CPEE 2008 Alushta, Ukraine,<br>CPEE 2009 Waplewo, Poland,<br>CPEE 2010 L\u00e1zn\u011b Kyn\u017evart, Czech Republic,<br>CPEE 2011 Kostryna, Ukraine,<br>CPEE 2012 Grybow, Poland,<br>CPEE 2013 Roztoky, Czech Republic,<br>CPEE 2014 T\u011brchov\u00e1 (Vr\u00e1tna Dolina), Slovak Republic,<br>CPEE 2015 Lviv, Ukraine,<br>CPEE 2016 Sandomierz, Poland,<br>CPEE 2017 Kutn\u00e1 Hora, Czech Republic,<br>CPEE 2018 Bansk\u00e1 \u0160tiavnica, Slovak Republic,<br>CPEE 2019 Slavske, Ukraine,<br>CPEE 2020 online, Poland<\/p>\n\n\n\n<p><\/p>\n","protected":false},"excerpt":{"rendered":"<p>Due to the current epidemiological situation and the possibility of realizing foreign business trips, the CPEE Conference Organizing Committee announces&hellip; <\/p>\n","protected":false},"author":1,"featured_media":0,"parent":0,"menu_order":0,"comment_status":"closed","ping_status":"closed","template":"","meta":{"ngg_post_thumbnail":0,"footnotes":""},"class_list":["post-41","page","type-page","status-publish","hentry"],"_links":{"self":[{"href":"https:\/\/cpee2021.zcu.cz\/index.php\/wp-json\/wp\/v2\/pages\/41","targetHints":{"allow":["GET"]}}],"collection":[{"href":"https:\/\/cpee2021.zcu.cz\/index.php\/wp-json\/wp\/v2\/pages"}],"about":[{"href":"https:\/\/cpee2021.zcu.cz\/index.php\/wp-json\/wp\/v2\/types\/page"}],"author":[{"embeddable":true,"href":"https:\/\/cpee2021.zcu.cz\/index.php\/wp-json\/wp\/v2\/users\/1"}],"replies":[{"embeddable":true,"href":"https:\/\/cpee2021.zcu.cz\/index.php\/wp-json\/wp\/v2\/comments?post=41"}],"version-history":[{"count":19,"href":"https:\/\/cpee2021.zcu.cz\/index.php\/wp-json\/wp\/v2\/pages\/41\/revisions"}],"predecessor-version":[{"id":390,"href":"https:\/\/cpee2021.zcu.cz\/index.php\/wp-json\/wp\/v2\/pages\/41\/revisions\/390"}],"wp:attachment":[{"href":"https:\/\/cpee2021.zcu.cz\/index.php\/wp-json\/wp\/v2\/media?parent=41"}],"curies":[{"name":"wp","href":"https:\/\/api.w.org\/{rel}","templated":true}]}}